{"id":94,"date":"2017-03-13T14:13:52","date_gmt":"2017-03-13T14:13:52","guid":{"rendered":"http:\/\/www.rekson.ee\/new\/?page_id=94"},"modified":"2025-10-08T09:34:02","modified_gmt":"2025-10-08T09:34:02","slug":"uudised","status":"publish","type":"page","link":"https:\/\/rekson.ee\/new\/uudised\/","title":{"rendered":"Eripakkumised"},"content":{"rendered":"\n<h2 class=\"wp-block-heading\"><mark style=\"background-color:#ff6900\" class=\"has-inline-color has-white-color\">OKTOOBRIS K\u00d5IK TELLIMUSED -20% SOODSAMALT <\/mark><\/h2>\n\n\n\n<p>tellides diivani, voodi v\u00f5i tugitooli oktoobris, saad allahindluse v\u00e4hemalt 20%<\/p>\n\n\n\n<p><\/p>\n\n\n\n<p>Lisaks on just praegu \u00f5ige aeg tellimiseks kui soovid oma uut pehmet m\u00f6\u00f6blit k\u00e4tte saada enne j\u00f5ulup\u00fchi.<\/p>\n\n\n\n<p>Salongis on \u00fcsna lai valik diivaneid, mis on koheselt saadaval. Neile on allahindlus 30%st.<\/p>\n\n\n\n<p>(outlet toodetele veelgi suurem allahindlus)<\/p>\n\n\n\n<p><\/p>\n\n\n\n<hr class=\"wp-block-separator has-alpha-channel-opacity\"\/>\n\n\n\n<div class=\"wp-block-group\"><div class=\"wp-block-group__inner-container is-layout-constrained wp-block-group-is-layout-constrained\">\n<div class=\"wp-block-columns is-layout-flex wp-container-core-columns-is-layout-9d6595d7 wp-block-columns-is-layout-flex\">\n<div class=\"wp-block-column is-layout-flow wp-block-column-is-layout-flow\">\n<div class=\"wp-block-columns is-layout-flex wp-container-core-columns-is-layout-9d6595d7 wp-block-columns-is-layout-flex\">\n<div class=\"wp-block-column is-layout-flow wp-block-column-is-layout-flow\">\n<h2 class=\"wp-block-heading\"><mark style=\"background-color:#ff6900\" class=\"has-inline-color has-white-color\">Otto Diivanvoodi<\/mark><\/h2>\n\n\n\n<p><strong>Kampaaniahind vaid 850\u20ac <\/strong><\/p>\n\n\n\n<p>Kampaania raames on diivanvoodi saadaval nii parema- kui vasakupoolsena. M\u00f5\u00f5t vastavalt 235x160cm v\u00f5i  peegelpildis 160x235cm! <\/p>\n\n\n\n<p>Erihind kehtib eelk\u00f5ige Vardo ja Aragon kangastega. Aga laieneb ka laos kohe olemasolevatele kangastele ning veel m\u00f5nele kangale- t\u00e4pne valik on muutuv ning ajakohase info saad m\u00fc\u00fcgikonsultandilt.<\/p>\n\n\n\n<p><\/p>\n\n\n\n<p>Kampaaniakangastega on tarne kohene v\u00f5i v\u00e4ga kiire. Diivanvoodi raamid on tehases ette toodetud ning peale kanga valimist tuleb arvestada vaid kangaga katmiseks kuluva ajaga (1-3 n\u00e4dalat olenevalt kangast). Alati on m\u00f5ni diivan ka koheselt saadaval.<\/p>\n\n\n\n<p>Otto sobib ka igap\u00e4evaseks magamiseks. K\u00f5rged jalad teevad diivani alt koristamise mugavaks. Igati hea diivanvoodi mudel!<\/p>\n<\/div>\n\n\n\n<div class=\"wp-block-column is-layout-flow wp-block-column-is-layout-flow\">\n<figure class=\"wp-block-image size-large\"><a href=\"https:\/\/rekson.ee\/new\/wp-content\/uploads\/2023\/11\/F963B759-9994-4E18-81B9-A0DD086EF1C4-scaled.jpeg\"><img loading=\"lazy\" decoding=\"async\" width=\"1024\" height=\"1024\" src=\"https:\/\/rekson.ee\/new\/wp-content\/uploads\/2023\/11\/F963B759-9994-4E18-81B9-A0DD086EF1C4-1024x1024.jpeg\" alt=\"\" class=\"wp-image-1126\" srcset=\"https:\/\/rekson.ee\/new\/wp-content\/uploads\/2023\/11\/F963B759-9994-4E18-81B9-A0DD086EF1C4-1024x1024.jpeg 1024w, https:\/\/rekson.ee\/new\/wp-content\/uploads\/2023\/11\/F963B759-9994-4E18-81B9-A0DD086EF1C4-300x300.jpeg 300w, https:\/\/rekson.ee\/new\/wp-content\/uploads\/2023\/11\/F963B759-9994-4E18-81B9-A0DD086EF1C4-150x150.jpeg 150w, https:\/\/rekson.ee\/new\/wp-content\/uploads\/2023\/11\/F963B759-9994-4E18-81B9-A0DD086EF1C4-768x768.jpeg 768w, https:\/\/rekson.ee\/new\/wp-content\/uploads\/2023\/11\/F963B759-9994-4E18-81B9-A0DD086EF1C4-1536x1536.jpeg 1536w, https:\/\/rekson.ee\/new\/wp-content\/uploads\/2023\/11\/F963B759-9994-4E18-81B9-A0DD086EF1C4-2048x2048.jpeg 2048w, https:\/\/rekson.ee\/new\/wp-content\/uploads\/2023\/11\/F963B759-9994-4E18-81B9-A0DD086EF1C4-112x112.jpeg 112w\" sizes=\"auto, (max-width: 1024px) 100vw, 1024px\" \/><\/a><\/figure>\n<\/div>\n<\/div>\n<\/div>\n<\/div>\n<\/div><\/div>\n\n\n\n<p><\/p>\n","protected":false},"excerpt":{"rendered":"<p>OKTOOBRIS K\u00d5IK TELLIMUSED -20% SOODSAMALT tellides diivani, voodi v\u00f5i tugitooli oktoobris, saad allahindluse v\u00e4hemalt 20% Lisaks on just praegu \u00f5ige aeg tellimiseks kui soovid oma uut pehmet m\u00f6\u00f6blit k\u00e4tte saada enne j\u00f5ulup\u00fchi. Salongis on \u00fcsna lai valik diivaneid, mis on koheselt saadaval. Neile on allahindlus 30%st. (outlet toodetele veelgi suurem allahindlus) Otto Diivanvoodi Kampaaniahind vaid [&hellip;]<\/p>\n","protected":false},"author":2,"featured_media":0,"parent":0,"menu_order":3,"comment_status":"closed","ping_status":"closed","template":"","meta":{"_monsterinsights_skip_tracking":false,"_monsterinsights_sitenote_active":false,"_monsterinsights_sitenote_note":"","_monsterinsights_sitenote_category":0,"footnotes":""},"class_list":["post-94","page","type-page","status-publish","hentry"],"_links":{"self":[{"href":"https:\/\/rekson.ee\/new\/wp-json\/wp\/v2\/pages\/94","targetHints":{"allow":["GET"]}}],"collection":[{"href":"https:\/\/rekson.ee\/new\/wp-json\/wp\/v2\/pages"}],"about":[{"href":"https:\/\/rekson.ee\/new\/wp-json\/wp\/v2\/types\/page"}],"author":[{"embeddable":true,"href":"https:\/\/rekson.ee\/new\/wp-json\/wp\/v2\/users\/2"}],"replies":[{"embeddable":true,"href":"https:\/\/rekson.ee\/new\/wp-json\/wp\/v2\/comments?post=94"}],"version-history":[{"count":87,"href":"https:\/\/rekson.ee\/new\/wp-json\/wp\/v2\/pages\/94\/revisions"}],"predecessor-version":[{"id":1552,"href":"https:\/\/rekson.ee\/new\/wp-json\/wp\/v2\/pages\/94\/revisions\/1552"}],"wp:attachment":[{"href":"https:\/\/rekson.ee\/new\/wp-json\/wp\/v2\/media?parent=94"}],"curies":[{"name":"wp","href":"https:\/\/api.w.org\/{rel}","templated":true}]}}