{"id":36,"date":"2017-01-29T18:53:32","date_gmt":"2017-01-29T18:53:32","guid":{"rendered":"http:\/\/www.rekson.ee\/new\/?page_id=36"},"modified":"2024-01-25T15:09:12","modified_gmt":"2024-01-25T15:09:12","slug":"tugitoolid","status":"publish","type":"page","link":"https:\/\/rekson.ee\/new\/tugitoolid\/","title":{"rendered":"Tugitoolid"},"content":{"rendered":"<p style=\"text-align: center;\"><span style=\"color: #808080;\">K\u00f5ikide meie diivanite juude kuuluvad ka tugitoolid ja tumbad.<\/span><span style=\"color: #808080;\">\u00a0<\/span><\/p>\n<p style=\"text-align: center;\"><span style=\"color: #808080;\">Lisaks valmistame tugitoole ka erisoovide j\u00e4rgi restoranidesse, kohvikutesse ja ka kodudesse.<\/span><\/p>\n<p style=\"text-align: center;\"><span style=\"color: #808080;\">*****<\/span><\/p>\n<p style=\"text-align: center;\">\n<p style=\"text-align: center;\"><span style=\"color: #000000;\">Meie enda vaieldamatu lemmik tugitool Victor on leidnud oma koha nii restoranides, klientide s\u00f6\u00f6gilaua taga kui ka \u00fcksikuna magamistoas.<\/span><br \/><span style=\"color: #000000;\">Tellida saad 1 n\u00f6\u00f6biga v\u00f5i 2-7 n\u00f6\u00f6biga, sileda seljatoega v\u00f5i chesterfield stiilis. Kanga, nagu ikka saad toolile ise valida.<\/span><\/p>\n\n\n<figure class=\"wp-block-gallery has-nested-images columns-default is-cropped wp-block-gallery-1 is-layout-flex wp-block-gallery-is-layout-flex\">\n<figure class=\"wp-block-image\"><img loading=\"lazy\" decoding=\"async\" width=\"1024\" height=\"768\" data-id=\"727\" src=\"https:\/\/rekson.ee\/new\/wp-content\/uploads\/2019\/06\/IMG_7304-1024x768.jpg\" alt=\"\" class=\"wp-image-727\" srcset=\"https:\/\/rekson.ee\/new\/wp-content\/uploads\/2019\/06\/IMG_7304-1024x768.jpg 1024w, https:\/\/rekson.ee\/new\/wp-content\/uploads\/2019\/06\/IMG_7304-300x225.jpg 300w, https:\/\/rekson.ee\/new\/wp-content\/uploads\/2019\/06\/IMG_7304-768x576.jpg 768w, https:\/\/rekson.ee\/new\/wp-content\/uploads\/2019\/06\/IMG_7304-150x112.jpg 150w\" sizes=\"auto, (max-width: 1024px) 100vw, 1024px\" \/><\/figure>\n\n\n\n<figure class=\"wp-block-image\"><img loading=\"lazy\" decoding=\"async\" width=\"1024\" height=\"768\" data-id=\"726\" src=\"https:\/\/rekson.ee\/new\/wp-content\/uploads\/2019\/06\/fullsizeoutput_2970-1024x768.jpeg\" alt=\"\" class=\"wp-image-726\" srcset=\"https:\/\/rekson.ee\/new\/wp-content\/uploads\/2019\/06\/fullsizeoutput_2970-1024x768.jpeg 1024w, https:\/\/rekson.ee\/new\/wp-content\/uploads\/2019\/06\/fullsizeoutput_2970-300x225.jpeg 300w, https:\/\/rekson.ee\/new\/wp-content\/uploads\/2019\/06\/fullsizeoutput_2970-768x576.jpeg 768w, https:\/\/rekson.ee\/new\/wp-content\/uploads\/2019\/06\/fullsizeoutput_2970-150x112.jpeg 150w\" sizes=\"auto, (max-width: 1024px) 100vw, 1024px\" \/><\/figure>\n<\/figure>\n\n\n<p style=\"text-align: center;\"><span style=\"color: #000000;\">K\u00f6\u00f6gitoolid Rio valmivad tamme- v\u00f5i kasepuidust ning puitu saab peitsida\/lakkida Teie soovitud tooniga. <\/span><\/p>\n<p style=\"text-align: center;\"><span style=\"color: #000000;\">Toolid on tellitavad ja tellida saad endale sobivast kangast.&nbsp;<\/span><\/p>\n\n\n<div class=\"wp-block-group\"><div class=\"wp-block-group__inner-container is-layout-constrained wp-block-group-is-layout-constrained\">\n<div class=\"wp-block-group\"><div class=\"wp-block-group__inner-container is-layout-constrained wp-block-group-is-layout-constrained\">\n<figure class=\"wp-block-gallery has-nested-images columns-default is-cropped wp-block-gallery-2 is-layout-flex wp-block-gallery-is-layout-flex\">\n<figure class=\"wp-block-image size-large\"><img loading=\"lazy\" decoding=\"async\" width=\"768\" height=\"1024\" data-id=\"591\" src=\"https:\/\/rekson.ee\/new\/wp-content\/uploads\/2019\/04\/IMG_1293-e1554111291130-768x1024.jpg\" alt=\"\" class=\"wp-image-591\" srcset=\"https:\/\/rekson.ee\/new\/wp-content\/uploads\/2019\/04\/IMG_1293-e1554111291130-768x1024.jpg 768w, https:\/\/rekson.ee\/new\/wp-content\/uploads\/2019\/04\/IMG_1293-e1554111291130-225x300.jpg 225w, https:\/\/rekson.ee\/new\/wp-content\/uploads\/2019\/04\/IMG_1293-e1554111291130-84x112.jpg 84w\" sizes=\"auto, (max-width: 768px) 100vw, 768px\" \/><\/figure>\n\n\n\n<figure class=\"wp-block-image size-large\"><img loading=\"lazy\" decoding=\"async\" width=\"768\" height=\"1024\" data-id=\"590\" src=\"https:\/\/rekson.ee\/new\/wp-content\/uploads\/2019\/04\/IMG_1291-e1554111304536-768x1024.jpg\" alt=\"\" class=\"wp-image-590\" srcset=\"https:\/\/rekson.ee\/new\/wp-content\/uploads\/2019\/04\/IMG_1291-e1554111304536-768x1024.jpg 768w, https:\/\/rekson.ee\/new\/wp-content\/uploads\/2019\/04\/IMG_1291-e1554111304536-225x300.jpg 225w, https:\/\/rekson.ee\/new\/wp-content\/uploads\/2019\/04\/IMG_1291-e1554111304536-84x112.jpg 84w\" sizes=\"auto, (max-width: 768px) 100vw, 768px\" \/><\/figure>\n\n\n\n<figure class=\"wp-block-image size-large\"><img loading=\"lazy\" decoding=\"async\" width=\"768\" height=\"1024\" data-id=\"589\" src=\"https:\/\/rekson.ee\/new\/wp-content\/uploads\/2019\/04\/IMG_5177-e1554111135562-768x1024.jpg\" alt=\"\" class=\"wp-image-589\" srcset=\"https:\/\/rekson.ee\/new\/wp-content\/uploads\/2019\/04\/IMG_5177-e1554111135562-768x1024.jpg 768w, https:\/\/rekson.ee\/new\/wp-content\/uploads\/2019\/04\/IMG_5177-e1554111135562-225x300.jpg 225w, https:\/\/rekson.ee\/new\/wp-content\/uploads\/2019\/04\/IMG_5177-e1554111135562-84x112.jpg 84w\" sizes=\"auto, (max-width: 768px) 100vw, 768px\" \/><figcaption class=\"wp-element-caption\">Rio \u00fcmara k\u00e4etoega<\/figcaption><\/figure>\n<\/figure>\n<\/div><\/div>\n<\/div><\/div>\n","protected":false},"excerpt":{"rendered":"<p>K\u00f5ikide meie diivanite juude kuuluvad ka tugitoolid ja tumbad.\u00a0 Lisaks valmistame tugitoole ka erisoovide j\u00e4rgi restoranidesse, kohvikutesse ja ka kodudesse. ***** Meie enda vaieldamatu lemmik tugitool Victor on leidnud oma koha nii restoranides, klientide s\u00f6\u00f6gilaua taga kui ka \u00fcksikuna magamistoas.Tellida saad 1 n\u00f6\u00f6biga v\u00f5i 2-7 n\u00f6\u00f6biga, sileda seljatoega v\u00f5i chesterfield stiilis. Kanga, nagu ikka saad [&hellip;]<\/p>\n","protected":false},"author":1,"featured_media":0,"parent":0,"menu_order":5,"comment_status":"closed","ping_status":"closed","template":"","meta":{"_monsterinsights_skip_tracking":false,"_monsterinsights_sitenote_active":false,"_monsterinsights_sitenote_note":"","_monsterinsights_sitenote_category":0,"footnotes":""},"class_list":["post-36","page","type-page","status-publish","hentry"],"_links":{"self":[{"href":"https:\/\/rekson.ee\/new\/wp-json\/wp\/v2\/pages\/36","targetHints":{"allow":["GET"]}}],"collection":[{"href":"https:\/\/rekson.ee\/new\/wp-json\/wp\/v2\/pages"}],"about":[{"href":"https:\/\/rekson.ee\/new\/wp-json\/wp\/v2\/types\/page"}],"author":[{"embeddable":true,"href":"https:\/\/rekson.ee\/new\/wp-json\/wp\/v2\/users\/1"}],"replies":[{"embeddable":true,"href":"https:\/\/rekson.ee\/new\/wp-json\/wp\/v2\/comments?post=36"}],"version-history":[{"count":38,"href":"https:\/\/rekson.ee\/new\/wp-json\/wp\/v2\/pages\/36\/revisions"}],"predecessor-version":[{"id":1253,"href":"https:\/\/rekson.ee\/new\/wp-json\/wp\/v2\/pages\/36\/revisions\/1253"}],"wp:attachment":[{"href":"https:\/\/rekson.ee\/new\/wp-json\/wp\/v2\/media?parent=36"}],"curies":[{"name":"wp","href":"https:\/\/api.w.org\/{rel}","templated":true}]}}