{"id":2,"date":"2016-11-01T23:55:28","date_gmt":"2016-11-01T23:55:28","guid":{"rendered":"http:\/\/www.rekson.ee\/new\/?page_id=2"},"modified":"2026-03-25T12:55:11","modified_gmt":"2026-03-25T10:55:11","slug":"about","status":"publish","type":"page","link":"https:\/\/rekson.ee\/new\/","title":{"rendered":"Meist"},"content":{"rendered":"<p style=\"text-align: center;\">Rekson- kvaliteetse, funktsionaalse ja mugava pehme m\u00f6\u00f6bli kaubam\u00e4rk aastast 2015. Toodame, projekteerime ja disainime kire ning p\u00fchendumusega k\u00f5ik tooted siinsamas armsas Eestis.Meie t\u00f6\u00f6kas kollektiiv omab aasta(k\u00fcmne)te pikkust kogemust m\u00f6\u00f6blitootmise sektoris.<br \/>P\u00f6\u00f6rame Rekson toodete juurutamise juures erilist t\u00e4helepanu kvaliteedile ja kasutusmugavusele ning oleme p\u00fchendunud tootedisaini pidevale t\u00e4iustamisele. Toome oma toodetega teieni nii aegumatut klassikat (sest m\u00f5ni toode lihtsalt on mugav ilma vigurdamata) kui ka disaintooteid millel silm puhkab.<\/p>\n<p style=\"text-align: center;\">Lisaks p\u00f5hikollektsioonis olevatele diivanitele, tugitoolidele ja vooditele pakume ka eritellimusm\u00f6\u00f6blit. Meilt saad tellida iga diivani (ka oma disaini n\u00e4gemusega) enda koju sobiva kuju ning m\u00f5\u00f5duga.\u00a0<\/p>\n<p style=\"text-align: center;\">Meie tootjatehas valmistab pehmet m\u00f6\u00f6blit avalikesse ruumidesse- Kohvikud, restoranid, lasteaiad, koolid, kontorid jne.\u00a0<\/p>\n<p style=\"text-align: center;\">Disainerid ja sisearhitektid v\u00f5tke julgelt \u00fchendust! Saame olla abiks juba toodete juurutamise protsessis v\u00f5i toota etteantud jooniste p\u00f5hjal. Tulge meile partneriks, teie kliendid r\u00f5\u00f5mustavad.<\/p>\n<p>\u00a0<\/p>\n<p>\u00a0<\/p>\n\n\n<p><\/p>\n","protected":false},"excerpt":{"rendered":"<p>Rekson- kvaliteetse, funktsionaalse ja mugava pehme m\u00f6\u00f6bli kaubam\u00e4rk aastast 2015. Toodame, projekteerime ja disainime kire ning p\u00fchendumusega k\u00f5ik tooted siinsamas armsas Eestis.Meie t\u00f6\u00f6kas kollektiiv omab aasta(k\u00fcmne)te pikkust kogemust m\u00f6\u00f6blitootmise sektoris.P\u00f6\u00f6rame Rekson toodete juurutamise juures erilist t\u00e4helepanu kvaliteedile ja kasutusmugavusele ning oleme p\u00fchendunud tootedisaini pidevale t\u00e4iustamisele. Toome oma toodetega teieni nii aegumatut klassikat (sest m\u00f5ni toode [&hellip;]<\/p>\n","protected":false},"author":1,"featured_media":0,"parent":0,"menu_order":1,"comment_status":"open","ping_status":"open","template":"template-front-page.php","meta":{"_monsterinsights_skip_tracking":false,"_monsterinsights_sitenote_active":false,"_monsterinsights_sitenote_note":"","_monsterinsights_sitenote_category":0,"footnotes":""},"class_list":["post-2","page","type-page","status-publish","hentry"],"_links":{"self":[{"href":"https:\/\/rekson.ee\/new\/wp-json\/wp\/v2\/pages\/2","targetHints":{"allow":["GET"]}}],"collection":[{"href":"https:\/\/rekson.ee\/new\/wp-json\/wp\/v2\/pages"}],"about":[{"href":"https:\/\/rekson.ee\/new\/wp-json\/wp\/v2\/types\/page"}],"author":[{"embeddable":true,"href":"https:\/\/rekson.ee\/new\/wp-json\/wp\/v2\/users\/1"}],"replies":[{"embeddable":true,"href":"https:\/\/rekson.ee\/new\/wp-json\/wp\/v2\/comments?post=2"}],"version-history":[{"count":11,"href":"https:\/\/rekson.ee\/new\/wp-json\/wp\/v2\/pages\/2\/revisions"}],"predecessor-version":[{"id":1651,"href":"https:\/\/rekson.ee\/new\/wp-json\/wp\/v2\/pages\/2\/revisions\/1651"}],"wp:attachment":[{"href":"https:\/\/rekson.ee\/new\/wp-json\/wp\/v2\/media?parent=2"}],"curies":[{"name":"wp","href":"https:\/\/api.w.org\/{rel}","templated":true}]}}